{"id":6797,"date":"2022-10-12T15:16:23","date_gmt":"2022-10-12T13:16:23","guid":{"rendered":"https:\/\/www.briand.fr\/briand-construction\/"},"modified":"2026-01-21T19:06:43","modified_gmt":"2026-01-21T18:06:43","slug":"briand-construction","status":"publish","type":"page","link":"https:\/\/www.briand.fr\/en\/savoir-faire\/briand-construction\/","title":{"rendered":"Briand Construction"},"content":{"rendered":"","protected":false},"excerpt":{"rendered":"","protected":false},"author":3,"featured_media":0,"parent":6811,"menu_order":0,"comment_status":"closed","ping_status":"closed","template":"","meta":{"_acf_changed":false,"_seopress_robots_primary_cat":"","_seopress_titles_title":"Briand Construction Tours - anciennement Savoie Construction","_seopress_titles_desc":"Anciennement SAVOIE construction \u00e0 Tours et SNB \u00e0 Blois, BRIAND Construction est reconnue comme le sp\u00e9cialiste de la construction de b\u00e2timents b\u00e9ton en gros \u0153uvre, g\u00e9nie civil ou en entreprise g\u00e9n\u00e9rale pour tous les types d\u2019ouvrages.","_seopress_robots_index":"","inline_featured_image":false,"footnotes":""},"class_list":["post-6797","page","type-page","status-publish","hentry"],"acf":[],"_links":{"self":[{"href":"https:\/\/www.briand.fr\/en\/wp-json\/wp\/v2\/pages\/6797","targetHints":{"allow":["GET"]}}],"collection":[{"href":"https:\/\/www.briand.fr\/en\/wp-json\/wp\/v2\/pages"}],"about":[{"href":"https:\/\/www.briand.fr\/en\/wp-json\/wp\/v2\/types\/page"}],"author":[{"embeddable":true,"href":"https:\/\/www.briand.fr\/en\/wp-json\/wp\/v2\/users\/3"}],"replies":[{"embeddable":true,"href":"https:\/\/www.briand.fr\/en\/wp-json\/wp\/v2\/comments?post=6797"}],"version-history":[{"count":1,"href":"https:\/\/www.briand.fr\/en\/wp-json\/wp\/v2\/pages\/6797\/revisions"}],"predecessor-version":[{"id":12609,"href":"https:\/\/www.briand.fr\/en\/wp-json\/wp\/v2\/pages\/6797\/revisions\/12609"}],"up":[{"embeddable":true,"href":"https:\/\/www.briand.fr\/en\/wp-json\/wp\/v2\/pages\/6811"}],"wp:attachment":[{"href":"https:\/\/www.briand.fr\/en\/wp-json\/wp\/v2\/media?parent=6797"}],"curies":[{"name":"wp","href":"https:\/\/api.w.org\/{rel}","templated":true}]}}