{"id":6802,"date":"2022-09-16T16:57:39","date_gmt":"2022-09-16T14:57:39","guid":{"rendered":"https:\/\/www.briand.fr\/briand-metal\/"},"modified":"2026-01-21T19:06:05","modified_gmt":"2026-01-21T18:06:05","slug":"briand-metal","status":"publish","type":"page","link":"https:\/\/www.briand.fr\/en\/savoir-faire\/briand-metal\/","title":{"rendered":"Briand M\u00e9tal"},"content":{"rendered":"","protected":false},"excerpt":{"rendered":"","protected":false},"author":4,"featured_media":0,"parent":6811,"menu_order":0,"comment_status":"closed","ping_status":"closed","template":"","meta":{"_acf_changed":false,"_seopress_robots_primary_cat":"","_seopress_titles_title":"","_seopress_titles_desc":"De Chartres, de Vend\u00e9e,  Lyon ou Aix en Provence, les \u00e9quipes BRIAND M\u00e9tal interviennent sur tout le territoire pour la r\u00e9alisation de tous types de charpentes m\u00e9talliques et enveloppes de b\u00e2timents pour des ouvrages simples ou complexes, de toutes tailles au meilleur prix, \u00e0 usage industriel, commercial, tertiaire, de loisir, sportif.","_seopress_robots_index":"","inline_featured_image":false,"footnotes":""},"class_list":["post-6802","page","type-page","status-publish","hentry"],"acf":[],"_links":{"self":[{"href":"https:\/\/www.briand.fr\/en\/wp-json\/wp\/v2\/pages\/6802","targetHints":{"allow":["GET"]}}],"collection":[{"href":"https:\/\/www.briand.fr\/en\/wp-json\/wp\/v2\/pages"}],"about":[{"href":"https:\/\/www.briand.fr\/en\/wp-json\/wp\/v2\/types\/page"}],"author":[{"embeddable":true,"href":"https:\/\/www.briand.fr\/en\/wp-json\/wp\/v2\/users\/4"}],"replies":[{"embeddable":true,"href":"https:\/\/www.briand.fr\/en\/wp-json\/wp\/v2\/comments?post=6802"}],"version-history":[{"count":1,"href":"https:\/\/www.briand.fr\/en\/wp-json\/wp\/v2\/pages\/6802\/revisions"}],"predecessor-version":[{"id":12604,"href":"https:\/\/www.briand.fr\/en\/wp-json\/wp\/v2\/pages\/6802\/revisions\/12604"}],"up":[{"embeddable":true,"href":"https:\/\/www.briand.fr\/en\/wp-json\/wp\/v2\/pages\/6811"}],"wp:attachment":[{"href":"https:\/\/www.briand.fr\/en\/wp-json\/wp\/v2\/media?parent=6802"}],"curies":[{"name":"wp","href":"https:\/\/api.w.org\/{rel}","templated":true}]}}