{"id":6803,"date":"2022-07-11T14:14:27","date_gmt":"2022-07-11T12:14:27","guid":{"rendered":"https:\/\/www.briand.fr\/performance-energetique\/"},"modified":"2026-01-21T19:06:00","modified_gmt":"2026-01-21T18:06:00","slug":"performance-energetique","status":"publish","type":"page","link":"https:\/\/www.briand.fr\/en\/savoir-faire\/performance-energetique\/","title":{"rendered":"Energy performance"},"content":{"rendered":"","protected":false},"excerpt":{"rendered":"","protected":false},"author":1,"featured_media":0,"parent":6811,"menu_order":0,"comment_status":"closed","ping_status":"closed","template":"","meta":{"_acf_changed":false,"_seopress_robots_primary_cat":"","_seopress_titles_title":"","_seopress_titles_desc":"Valorisation de vos b\u00e2timents en neuf ou en r\u00e9novation, par l'int\u00e9gration de solutions de performance \u00e9nerg\u00e9tique afin de r\u00e9duire leur impact environnemental.","_seopress_robots_index":"","inline_featured_image":false,"footnotes":""},"class_list":["post-6803","page","type-page","status-publish","hentry"],"acf":[],"_links":{"self":[{"href":"https:\/\/www.briand.fr\/en\/wp-json\/wp\/v2\/pages\/6803","targetHints":{"allow":["GET"]}}],"collection":[{"href":"https:\/\/www.briand.fr\/en\/wp-json\/wp\/v2\/pages"}],"about":[{"href":"https:\/\/www.briand.fr\/en\/wp-json\/wp\/v2\/types\/page"}],"author":[{"embeddable":true,"href":"https:\/\/www.briand.fr\/en\/wp-json\/wp\/v2\/users\/1"}],"replies":[{"embeddable":true,"href":"https:\/\/www.briand.fr\/en\/wp-json\/wp\/v2\/comments?post=6803"}],"version-history":[{"count":1,"href":"https:\/\/www.briand.fr\/en\/wp-json\/wp\/v2\/pages\/6803\/revisions"}],"predecessor-version":[{"id":12603,"href":"https:\/\/www.briand.fr\/en\/wp-json\/wp\/v2\/pages\/6803\/revisions\/12603"}],"up":[{"embeddable":true,"href":"https:\/\/www.briand.fr\/en\/wp-json\/wp\/v2\/pages\/6811"}],"wp:attachment":[{"href":"https:\/\/www.briand.fr\/en\/wp-json\/wp\/v2\/media?parent=6803"}],"curies":[{"name":"wp","href":"https:\/\/api.w.org\/{rel}","templated":true}]}}